{"id":142,"date":"2018-12-08T15:25:45","date_gmt":"2018-12-08T14:25:45","guid":{"rendered":"http:\/\/smtv.de\/wordpress\/?page_id=142"},"modified":"2018-12-17T09:37:57","modified_gmt":"2018-12-17T08:37:57","slug":"blockfloeten-und-instrumentalausbildung","status":"publish","type":"page","link":"http:\/\/smtv.de\/wordpress\/blockfloeten-und-instrumentalausbildung\/","title":{"rendered":"Blockfl\u00f6ten- und Instrumentalausbildung"},"content":{"rendered":"\n<p>Seit 1998 betreibt der F\u00f6rderverein der 1. SMTV eine Bl\u00e4serschule, die sich seitdem um den musikalischen Nachwuchs der Orchester k\u00fcmmert. Ausgebildete Lehrer unterrichten im vereinseigenen Geb\u00e4ude in der Lortzingstra\u00dfe 44\/1 in Schorndorf die Sch\u00fclerinnen und Sch\u00fcler in den verschiedenen Instrumentalf\u00e4chern. Den Sch\u00fclerinnen und Sch\u00fclern stehen weiterhin viele Angebote wie Theorieunterricht, gemeinsame Freizeiten und ein au\u00dfermusikalisches Freizeitprogramm zur Verf\u00fcgung. Beim Auftaktblasorchester und sp\u00e4ter im Jugendblasorchester Schorndorf  k\u00f6nnen die Sch\u00fclerinnen und Sch\u00fcler das Gelernte bei verschiedenen Auftritten zeigen.<br><br><\/p>\n\n\n\n<h2 class=\"wp-block-heading\">Lehrer<\/h2>\n\n\n\n<p>Die Ausbildung findet mit vereinseigenen Lehrern oder in Kooperation mit der Jugendmusikschule Schorndorf und Umgebung statt.<br><\/p>\n\n\n\n<h2 class=\"wp-block-heading\">Angebote der Bl\u00e4serschule (ab 8 Jahren)<\/h2>\n\n\n\n<p>Folgende Instrumente werden in der Bl\u00e4serschule unterrichtet:<\/p>\n\n\n\n<ul class=\"wp-block-list\"><li>Querfl\u00f6te<\/li><li>Klarinette<\/li><li>Saxophon<\/li><li>Oboe<\/li><li>Trompete<\/li><li>Waldhorn<\/li><li>Posaune<\/li><li>Tenorhorn<\/li><li>Tuba<\/li><li>Schlagwerk<\/li><li>Blockfl\u00f6te<\/li><li><\/li><\/ul>\n\n\n\n<h2 class=\"wp-block-heading\">Leihinstrumente<\/h2>\n\n\n\n<p>Soweit vorhanden, stellt die Bl\u00e4serschule ein Instrument 12 Monate kostenlos zur Verf\u00fcgung. Nach Ablauf dieser Frist, empfiehlt es sich ein eigenes Instrument zu kaufen. Die 1. SMTV ist bei der Vermittlung von Bezugsquellen gerne behilflich. In Ausnahmef\u00e4llen kann ein Instrument auch gemietet werden. Ausgenommen von dieser Regelung ist das Schlagwerk.<\/p>\n\n\n\n<h2 class=\"wp-block-heading\">Downloads<\/h2>\n\n\n\n<p>Laden Sie sich weitere Informationen bez\u00fcglich der Instrumentalausbildung bei der 1.SMTV, per Klick auf den Download-Button, als PDF-Dokument herunter.<\/p>\n\n\n\n<div class=\"wp-block-file\"><a href=\"http:\/\/smtv.de\/wordpress\/wp-content\/uploads\/2018\/12\/Ausbildungsbroschuere_Maerz_2014.pdf\">Ausbildungsbroschuere_Maerz_2014<\/a><a href=\"http:\/\/smtv.de\/wordpress\/wp-content\/uploads\/2018\/12\/Ausbildungsbroschuere_Maerz_2014.pdf\" class=\"wp-block-file__button\" download>Download<\/a><\/div>\n\n\n\n<div class=\"wp-block-file\"><a href=\"http:\/\/smtv.de\/wordpress\/wp-content\/uploads\/2018\/12\/Kosten_Blaeserschule_01.09.2012.pdf\">Kosten_Blaeserschule_01.09.2012<\/a><a href=\"http:\/\/smtv.de\/wordpress\/wp-content\/uploads\/2018\/12\/Kosten_Blaeserschule_01.09.2012.pdf\" class=\"wp-block-file__button\" download>Download<\/a><\/div>\n\n\n\n<p><\/p>\n","protected":false},"excerpt":{"rendered":"<p>Seit 1998 betreibt der F\u00f6rderverein der 1. SMTV eine Bl\u00e4serschule, die sich seitdem um den musikalischen Nachwuchs der Orchester k\u00fcmmert. Ausgebildete Lehrer unterrichten im vereinseigenen Geb\u00e4ude in der Lortzingstra\u00dfe 44\/1 in Schorndorf die Sch\u00fclerinnen und Sch\u00fcler in den verschiedenen Instrumentalf\u00e4chern. Den Sch\u00fclerinnen und Sch\u00fclern stehen weiterhin viele Angebote wie Theorieunterricht, gemeinsame Freizeiten und ein au\u00dfermusikalisches [&hellip;]<\/p>\n","protected":false},"author":1,"featured_media":0,"parent":0,"menu_order":0,"comment_status":"closed","ping_status":"closed","template":"","meta":{"footnotes":""},"class_list":["post-142","page","type-page","status-publish","hentry"],"_links":{"self":[{"href":"http:\/\/smtv.de\/wordpress\/wp-json\/wp\/v2\/pages\/142","targetHints":{"allow":["GET"]}}],"collection":[{"href":"http:\/\/smtv.de\/wordpress\/wp-json\/wp\/v2\/pages"}],"about":[{"href":"http:\/\/smtv.de\/wordpress\/wp-json\/wp\/v2\/types\/page"}],"author":[{"embeddable":true,"href":"http:\/\/smtv.de\/wordpress\/wp-json\/wp\/v2\/users\/1"}],"replies":[{"embeddable":true,"href":"http:\/\/smtv.de\/wordpress\/wp-json\/wp\/v2\/comments?post=142"}],"version-history":[{"count":5,"href":"http:\/\/smtv.de\/wordpress\/wp-json\/wp\/v2\/pages\/142\/revisions"}],"predecessor-version":[{"id":262,"href":"http:\/\/smtv.de\/wordpress\/wp-json\/wp\/v2\/pages\/142\/revisions\/262"}],"wp:attachment":[{"href":"http:\/\/smtv.de\/wordpress\/wp-json\/wp\/v2\/media?parent=142"}],"curies":[{"name":"wp","href":"https:\/\/api.w.org\/{rel}","templated":true}]}}