{"id":147,"date":"2018-12-08T15:36:59","date_gmt":"2018-12-08T14:36:59","guid":{"rendered":"http:\/\/smtv.de\/wordpress\/?page_id=147"},"modified":"2018-12-17T09:50:06","modified_gmt":"2018-12-17T08:50:06","slug":"tanzausbildung","status":"publish","type":"page","link":"http:\/\/smtv.de\/wordpress\/tanzausbildung\/","title":{"rendered":"Tanzausbildung"},"content":{"rendered":"\n<div class=\"wp-block-image\"><figure class=\"alignleft is-resized\"><img loading=\"lazy\" decoding=\"async\" src=\"http:\/\/smtv.de\/wordpress\/wp-content\/uploads\/2018\/12\/Tanzausbildung_Uniform.jpg\" alt=\"\" class=\"wp-image-173\" width=\"300\" height=\"251\"\/><\/figure><\/div>\n\n\n\n<p>Bei der 1. SMTV startet die Tanzausbildung mit mindestens 5 Jahren. Man kann die Tanzausbildung auch noch sp\u00e4ter beginnen. Die T\u00e4nzer\/innen werden dann in folgende 3 Gruppen eingeteilt:<\/p>\n\n\n\n<ul class=\"wp-block-list\"><li>Kleine Garde<\/li><li>Blaue Garde<\/li><li>Stadtgarde<br><\/li><\/ul>\n\n\n\n<p>Der Wechsel in die verschiedenen Garden wird je nach Leistungsstand von den Trainerinnen entschieden.<\/p>\n\n\n\n<h2 class=\"wp-block-heading\">Trainerinnen<\/h2>\n\n\n\n<p>Die Trainerinnen der Tanzgarden besitzen entweder einen C- Trainerschein des Landesverbands f\u00fcr Tanzsport oder verf\u00fcgen \u00fcber eine langj\u00e4hrige Erfahrung im Show- und Gardetanz. Sie k\u00f6nnen au\u00dferdem auf zahlreiche erfolgreiche Teilnahmen an Turnieren des Deutschen Bundes f\u00fcr Tanzsport zur\u00fcckblicken.<\/p>\n\n\n\n<div class=\"wp-block-columns has-2-columns is-layout-flex wp-container-core-columns-is-layout-9d6595d7 wp-block-columns-is-layout-flex\">\n<div class=\"wp-block-column is-layout-flow wp-block-column-is-layout-flow\">\n<h3 class=\"wp-block-heading\">Beatrice Gie\u00dfbeck<\/h3>\n\n\n\n<figure class=\"wp-block-image is-resized\"><img loading=\"lazy\" decoding=\"async\" src=\"http:\/\/smtv.de\/wordpress\/wp-content\/uploads\/2018\/12\/beatrice_giessbeck.gif\" alt=\"\" class=\"wp-image-152\" width=\"140\" height=\"154\"\/><\/figure>\n\n\n\n<p>Blaue Garde \/ Stadtgarde<br><\/p>\n\n\n\n<p>0171-6404758<\/p>\n<\/div>\n\n\n\n<div class=\"wp-block-column is-layout-flow wp-block-column-is-layout-flow\">\n<p><\/p>\n<\/div>\n<\/div>\n\n\n\n<h2 class=\"wp-block-heading\">Downloads<\/h2>\n\n\n\n<p>Laden Sie sich weitere Informationen bez\u00fcglich der Tanzausbildung bei der 1.SMTV bequem, per Klick auf den Download-Button, als PDF-Dokument herunter.<\/p>\n\n\n\n<div class=\"wp-block-file\"><a href=\"http:\/\/smtv.de\/wordpress\/wp-content\/uploads\/2018\/12\/Uebersicht_Info_Tanzgarde_2016.pdf\">Uebersicht_Info_Tanzgarde_2016<\/a><a href=\"http:\/\/smtv.de\/wordpress\/wp-content\/uploads\/2018\/12\/Uebersicht_Info_Tanzgarde_2016.pdf\" class=\"wp-block-file__button\" download>Download<\/a><\/div>\n\n\n\n<div class=\"wp-block-file\"><a href=\"http:\/\/smtv.de\/wordpress\/wp-content\/uploads\/2018\/12\/Flyer_Garde_2016.pdf\">Flyer_Garde_2016<\/a><a href=\"http:\/\/smtv.de\/wordpress\/wp-content\/uploads\/2018\/12\/Flyer_Garde_2016.pdf\" class=\"wp-block-file__button\" download>Download<\/a><\/div>\n","protected":false},"excerpt":{"rendered":"<p>Bei der 1. SMTV startet die Tanzausbildung mit mindestens 5 Jahren. Man kann die Tanzausbildung auch noch sp\u00e4ter beginnen. Die T\u00e4nzer\/innen werden dann in folgende 3 Gruppen eingeteilt: Kleine Garde Blaue Garde Stadtgarde Der Wechsel in die verschiedenen Garden wird je nach Leistungsstand von den Trainerinnen entschieden. Trainerinnen Die Trainerinnen der Tanzgarden besitzen entweder einen [&hellip;]<\/p>\n","protected":false},"author":1,"featured_media":0,"parent":0,"menu_order":0,"comment_status":"closed","ping_status":"closed","template":"","meta":{"footnotes":""},"class_list":["post-147","page","type-page","status-publish","hentry"],"_links":{"self":[{"href":"http:\/\/smtv.de\/wordpress\/wp-json\/wp\/v2\/pages\/147","targetHints":{"allow":["GET"]}}],"collection":[{"href":"http:\/\/smtv.de\/wordpress\/wp-json\/wp\/v2\/pages"}],"about":[{"href":"http:\/\/smtv.de\/wordpress\/wp-json\/wp\/v2\/types\/page"}],"author":[{"embeddable":true,"href":"http:\/\/smtv.de\/wordpress\/wp-json\/wp\/v2\/users\/1"}],"replies":[{"embeddable":true,"href":"http:\/\/smtv.de\/wordpress\/wp-json\/wp\/v2\/comments?post=147"}],"version-history":[{"count":12,"href":"http:\/\/smtv.de\/wordpress\/wp-json\/wp\/v2\/pages\/147\/revisions"}],"predecessor-version":[{"id":266,"href":"http:\/\/smtv.de\/wordpress\/wp-json\/wp\/v2\/pages\/147\/revisions\/266"}],"wp:attachment":[{"href":"http:\/\/smtv.de\/wordpress\/wp-json\/wp\/v2\/media?parent=147"}],"curies":[{"name":"wp","href":"https:\/\/api.w.org\/{rel}","templated":true}]}}