{"id":198,"date":"2018-12-14T16:19:47","date_gmt":"2018-12-14T15:19:47","guid":{"rendered":"http:\/\/smtv.de\/wordpress\/?page_id=198"},"modified":"2018-12-19T13:36:46","modified_gmt":"2018-12-19T12:36:46","slug":"blaeserkids","status":"publish","type":"page","link":"http:\/\/smtv.de\/wordpress\/blaeserkids\/","title":{"rendered":"Auftaktblasorchester (ABO)"},"content":{"rendered":"\n<p>Das Auftaktblasorchester&nbsp; besteht aus jungen Musikerinnen und Musikern, die rund ein Jahr Einzel- und Gruppenunterricht absolviert haben. In der Gemeinschaft lernen sie das Zusammenspiel verschiedener Instrumente.<\/p>\n\n\n\n<p>Im ABO werden haupts\u00e4chlich unterhaltsame Musikst\u00fccke der Einstiegsstufe gespielt. Die musikalische Kompetenz wird im Orchesterspiel gest\u00e4rkt und der Spa\u00df am Musizieren gef\u00f6rdert. Zugleich werden die Jugendlichen dabei in das Vereinsleben integriert.<\/p>\n\n\n\n<p>Seit April 2016 besteht eine Kooperation mit der Jugendmusikschule Schorndorf und Umgebung.<\/p>\n\n\n\n<figure class=\"wp-block-image\"><img loading=\"lazy\" decoding=\"async\" width=\"644\" height=\"483\" src=\"http:\/\/smtv.de\/wordpress\/wp-content\/uploads\/2018\/12\/ABO-644x483.jpg\" alt=\"\" class=\"wp-image-275\" srcset=\"http:\/\/smtv.de\/wordpress\/wp-content\/uploads\/2018\/12\/ABO-644x483.jpg 644w, http:\/\/smtv.de\/wordpress\/wp-content\/uploads\/2018\/12\/ABO-300x225.jpg 300w, http:\/\/smtv.de\/wordpress\/wp-content\/uploads\/2018\/12\/ABO-768x576.jpg 768w, http:\/\/smtv.de\/wordpress\/wp-content\/uploads\/2018\/12\/ABO-600x450.jpg 600w\" sizes=\"auto, (max-width: 644px) 100vw, 644px\" \/><figcaption>Auftaktblasorchester<\/figcaption><\/figure>\n\n\n\n<h2 class=\"wp-block-heading\">Probetermine<\/h2>\n\n\n\n<p><strong>Freitags<\/strong> von 16:15 Uhr \u2013 17:00 Uhr<\/p>\n\n\n\n<p>Ort: Saal der Jugendmusikschule Schorndorf und Umgebung (Karlstr. 21, 73614 Schorndorf)<\/p>\n","protected":false},"excerpt":{"rendered":"<p>Das Auftaktblasorchester&nbsp; besteht aus jungen Musikerinnen und Musikern, die rund ein Jahr Einzel- und Gruppenunterricht absolviert haben. In der Gemeinschaft lernen sie das Zusammenspiel verschiedener Instrumente. Im ABO werden haupts\u00e4chlich unterhaltsame Musikst\u00fccke der Einstiegsstufe gespielt. Die musikalische Kompetenz wird im Orchesterspiel gest\u00e4rkt und der Spa\u00df am Musizieren gef\u00f6rdert. Zugleich werden die Jugendlichen dabei in das [&hellip;]<\/p>\n","protected":false},"author":1,"featured_media":0,"parent":0,"menu_order":0,"comment_status":"closed","ping_status":"closed","template":"","meta":{"footnotes":""},"class_list":["post-198","page","type-page","status-publish","hentry"],"_links":{"self":[{"href":"http:\/\/smtv.de\/wordpress\/wp-json\/wp\/v2\/pages\/198","targetHints":{"allow":["GET"]}}],"collection":[{"href":"http:\/\/smtv.de\/wordpress\/wp-json\/wp\/v2\/pages"}],"about":[{"href":"http:\/\/smtv.de\/wordpress\/wp-json\/wp\/v2\/types\/page"}],"author":[{"embeddable":true,"href":"http:\/\/smtv.de\/wordpress\/wp-json\/wp\/v2\/users\/1"}],"replies":[{"embeddable":true,"href":"http:\/\/smtv.de\/wordpress\/wp-json\/wp\/v2\/comments?post=198"}],"version-history":[{"count":4,"href":"http:\/\/smtv.de\/wordpress\/wp-json\/wp\/v2\/pages\/198\/revisions"}],"predecessor-version":[{"id":276,"href":"http:\/\/smtv.de\/wordpress\/wp-json\/wp\/v2\/pages\/198\/revisions\/276"}],"wp:attachment":[{"href":"http:\/\/smtv.de\/wordpress\/wp-json\/wp\/v2\/media?parent=198"}],"curies":[{"name":"wp","href":"https:\/\/api.w.org\/{rel}","templated":true}]}}