{"id":202,"date":"2018-12-14T16:27:21","date_gmt":"2018-12-14T15:27:21","guid":{"rendered":"http:\/\/smtv.de\/wordpress\/?page_id=202"},"modified":"2018-12-17T09:48:24","modified_gmt":"2018-12-17T08:48:24","slug":"tanzabteilung","status":"publish","type":"page","link":"http:\/\/smtv.de\/wordpress\/tanzabteilung\/","title":{"rendered":"Tanzabteilung"},"content":{"rendered":"\n<p>Bei vielen Veranstaltungen in und um Schorndorf sind unsere M\u00e4dels eine gern gesehene Bereicherung.<\/p>\n\n\n\n<div class=\"wp-block-columns has-2-columns is-layout-flex wp-container-core-columns-is-layout-9d6595d7 wp-block-columns-is-layout-flex\">\n<div class=\"wp-block-column is-layout-flow wp-block-column-is-layout-flow\">\n<figure class=\"wp-block-image\"><img loading=\"lazy\" decoding=\"async\" width=\"350\" height=\"250\" src=\"http:\/\/smtv.de\/wordpress\/wp-content\/uploads\/2018\/12\/Stadtgarde.jpg\" alt=\"\" class=\"wp-image-203\" srcset=\"http:\/\/smtv.de\/wordpress\/wp-content\/uploads\/2018\/12\/Stadtgarde.jpg 350w, http:\/\/smtv.de\/wordpress\/wp-content\/uploads\/2018\/12\/Stadtgarde-300x214.jpg 300w\" sizes=\"auto, (max-width: 350px) 100vw, 350px\" \/><figcaption>Stadtgarde<\/figcaption><\/figure>\n\n\n\n<figure class=\"wp-block-image\"><img loading=\"lazy\" decoding=\"async\" width=\"350\" height=\"250\" src=\"http:\/\/smtv.de\/wordpress\/wp-content\/uploads\/2018\/12\/Mittlere_Garde.jpg\" alt=\"\" class=\"wp-image-205\" srcset=\"http:\/\/smtv.de\/wordpress\/wp-content\/uploads\/2018\/12\/Mittlere_Garde.jpg 350w, http:\/\/smtv.de\/wordpress\/wp-content\/uploads\/2018\/12\/Mittlere_Garde-300x214.jpg 300w\" sizes=\"auto, (max-width: 350px) 100vw, 350px\" \/><figcaption>Mittlere Garde<\/figcaption><\/figure>\n<\/div>\n\n\n\n<div class=\"wp-block-column is-layout-flow wp-block-column-is-layout-flow\">\n<figure class=\"wp-block-image\"><img loading=\"lazy\" decoding=\"async\" width=\"350\" height=\"250\" src=\"http:\/\/smtv.de\/wordpress\/wp-content\/uploads\/2018\/12\/Blaue_Garde.jpg\" alt=\"\" class=\"wp-image-204\" srcset=\"http:\/\/smtv.de\/wordpress\/wp-content\/uploads\/2018\/12\/Blaue_Garde.jpg 350w, http:\/\/smtv.de\/wordpress\/wp-content\/uploads\/2018\/12\/Blaue_Garde-300x214.jpg 300w\" sizes=\"auto, (max-width: 350px) 100vw, 350px\" \/><figcaption>Blaue Garde<\/figcaption><\/figure>\n\n\n\n<figure class=\"wp-block-image\"><img loading=\"lazy\" decoding=\"async\" width=\"350\" height=\"250\" src=\"http:\/\/smtv.de\/wordpress\/wp-content\/uploads\/2018\/12\/Kleine_Garde.jpg\" alt=\"\" class=\"wp-image-206\" srcset=\"http:\/\/smtv.de\/wordpress\/wp-content\/uploads\/2018\/12\/Kleine_Garde.jpg 350w, http:\/\/smtv.de\/wordpress\/wp-content\/uploads\/2018\/12\/Kleine_Garde-300x214.jpg 300w\" sizes=\"auto, (max-width: 350px) 100vw, 350px\" \/><figcaption>Kleine Garde<\/figcaption><\/figure>\n<\/div>\n<\/div>\n\n\n\n<p>Getanzt und unterrichtet werden Show- und Gardet\u00e4nze. Alle T\u00e4nze beinhalten verschiedene Tanzrichtungen wie beispielsweise Jazz Dance, Hip Hop, Cheerleading, Standard- und Laiteint\u00e4nze, klassische- und moderne T\u00e4nze, Marsch- und Polkatanz sowie Folkloret\u00e4nze. Die T\u00e4nze k\u00f6nnen auch Gegenst\u00e4nde wie Pom Poms, Twirlingst\u00e4be, T\u00fccher oder andere Requisiten beinhalten.<\/p>\n\n\n\n<div class=\"wp-block-image\"><figure class=\"alignleft is-resized\"><img loading=\"lazy\" decoding=\"async\" src=\"http:\/\/smtv.de\/wordpress\/wp-content\/uploads\/2018\/12\/Tanzausbildung_Uniform.jpg\" alt=\"\" class=\"wp-image-173\" width=\"265\" height=\"222\"\/><\/figure><\/div>\n\n\n\n<p>Die verschiedenen Garden treten unter anderem bei eigenen Veranstaltungen im In- und Ausland, bei der SchoWo, bei Seniorennachmittagen, bei Stadtveranstaltungen und anderen Feiern und Events auf.<\/p>\n\n\n\n<p>Der Trainingraum befindet sich im Musiksaal der Albert-Schweitzer-Schule oder im Vereinsheim der 1.SMTV. Der Musiksaal ist mit Parkettboden und gro\u00dfem Wandspiegel ausgestattet. Wenn es ben\u00f6tigt wird, gibt es ein Sondertraining, dass in unserem Proberaum im Vereinsheim stattfindet.<\/p>\n\n\n\n<p>F\u00fcr jeden Tanz gibt es kostenlos ein Kost\u00fcm und f\u00fcr eine einmalige Geb\u00fchr eine Uniform. Das entweder ma\u00dfgeschneidert angefertigt oder auf die einzelnen T\u00e4nzerinnen angepasst wird. Eine Uniform besteht aus Rock, Unterrock, Oberteil, Kopfschmuck und Stiefel.<\/p>\n\n\n\n<p><\/p>\n\n\n\n<h2 class=\"wp-block-heading\">Probetermine<br><\/h2>\n\n\n\n<p><strong>Mittwochs:<\/strong><br>Kleine Garde: 16.45 &#8211; 18.15 Uhr, Trainerin: Beatrice Gie\u00dfbeck<br>Blaue Garde: 18.15 &#8211; 19.30 Uhr, Trainerin\u00a0 Beatrice Gie\u00dfbeck.<br>Stadtgarde: 19:30 &#8211; 21:00 Uhr, Trainerin: Beatrice Gie\u00dfbeck<br><\/p>\n\n\n\n<p>Alle Proben&nbsp;finden im Musiksaal der Albert-Schweizer Schule Schorndorf statt.<\/p>\n\n\n\n<figure class=\"wp-block-embed-youtube wp-block-embed is-type-video is-provider-youtube wp-embed-aspect-16-9 wp-has-aspect-ratio\"><div class=\"wp-block-embed__wrapper\">\n<iframe loading=\"lazy\" width=\"770\" height=\"433\" src=\"https:\/\/www.youtube.com\/embed\/I71gzMpqmKo?feature=oembed\" frameborder=\"0\" allow=\"accelerometer; autoplay; encrypted-media; gyroscope; picture-in-picture\" allowfullscreen><\/iframe>\n<\/div><\/figure>\n\n\n\n<h2 class=\"wp-block-heading\">J\u00e4hrliche Auftritte<br><\/h2>\n\n\n\n<table class=\"wp-block-table is-style-stripes\"><tbody><tr><td><strong>Was?<\/strong><\/td><td><strong>Wann?<\/strong><\/td><td><strong>Wo?<\/strong><\/td><\/tr><tr><td>Faschingsveranstaltungen<\/td><td>Zwischen Januar und M\u00e4rz<\/td><td><\/td><\/tr><tr><td><\/td><td><\/td><td><\/td><\/tr><tr><td>Soir\u00e9e alle 2 Jahre<\/td><td>Juli<\/td><td>beim Burgschloss Schorndorf<\/td><\/tr><tr><td>Auftritte auf der SchoWo<\/td><td>Juli<\/td><td>Marktplatz Schorndorf<\/td><\/tr><tr><td><\/td><td><\/td><td><\/td><\/tr><\/tbody><\/table>\n\n\n\n<p>Diverse Auftritte auf Anfrage.<br><\/p>\n","protected":false},"excerpt":{"rendered":"<p>Bei vielen Veranstaltungen in und um Schorndorf sind unsere M\u00e4dels eine gern gesehene Bereicherung. Getanzt und unterrichtet werden Show- und Gardet\u00e4nze. Alle T\u00e4nze beinhalten verschiedene Tanzrichtungen wie beispielsweise Jazz Dance, Hip Hop, Cheerleading, Standard- und Laiteint\u00e4nze, klassische- und moderne T\u00e4nze, Marsch- und Polkatanz sowie Folkloret\u00e4nze. Die T\u00e4nze k\u00f6nnen auch Gegenst\u00e4nde wie Pom Poms, Twirlingst\u00e4be, T\u00fccher [&hellip;]<\/p>\n","protected":false},"author":1,"featured_media":0,"parent":0,"menu_order":0,"comment_status":"closed","ping_status":"closed","template":"","meta":{"footnotes":""},"class_list":["post-202","page","type-page","status-publish","hentry"],"_links":{"self":[{"href":"http:\/\/smtv.de\/wordpress\/wp-json\/wp\/v2\/pages\/202","targetHints":{"allow":["GET"]}}],"collection":[{"href":"http:\/\/smtv.de\/wordpress\/wp-json\/wp\/v2\/pages"}],"about":[{"href":"http:\/\/smtv.de\/wordpress\/wp-json\/wp\/v2\/types\/page"}],"author":[{"embeddable":true,"href":"http:\/\/smtv.de\/wordpress\/wp-json\/wp\/v2\/users\/1"}],"replies":[{"embeddable":true,"href":"http:\/\/smtv.de\/wordpress\/wp-json\/wp\/v2\/comments?post=202"}],"version-history":[{"count":6,"href":"http:\/\/smtv.de\/wordpress\/wp-json\/wp\/v2\/pages\/202\/revisions"}],"predecessor-version":[{"id":264,"href":"http:\/\/smtv.de\/wordpress\/wp-json\/wp\/v2\/pages\/202\/revisions\/264"}],"wp:attachment":[{"href":"http:\/\/smtv.de\/wordpress\/wp-json\/wp\/v2\/media?parent=202"}],"curies":[{"name":"wp","href":"https:\/\/api.w.org\/{rel}","templated":true}]}}