{"id":215,"date":"2018-12-14T16:37:53","date_gmt":"2018-12-14T15:37:53","guid":{"rendered":"http:\/\/smtv.de\/wordpress\/?page_id=215"},"modified":"2018-12-17T09:36:01","modified_gmt":"2018-12-17T08:36:01","slug":"blasorchester","status":"publish","type":"page","link":"http:\/\/smtv.de\/wordpress\/blasorchester\/","title":{"rendered":"Blasorchester"},"content":{"rendered":"\n<div class=\"wp-block-image\"><figure class=\"alignleft is-resized\"><img loading=\"lazy\" decoding=\"async\" src=\"http:\/\/smtv.de\/wordpress\/wp-content\/uploads\/2018\/12\/krawatte.png\" alt=\"\" class=\"wp-image-229\" width=\"172\" height=\"430\" srcset=\"http:\/\/smtv.de\/wordpress\/wp-content\/uploads\/2018\/12\/krawatte.png 300w, http:\/\/smtv.de\/wordpress\/wp-content\/uploads\/2018\/12\/krawatte-120x300.png 120w\" sizes=\"auto, (max-width: 172px) 100vw, 172px\" \/><\/figure><\/div>\n\n\n\n<p>Seit September 2015 kooperiert das Blasorchester der 1.SMTV mit dem Blasorchester der Stadtkapelle Schorndorf und tritt unter dem Namen GBO Schorndorf auf.<br>Das erste gemeinsame Konzert fand im November 2015 in Esslingen auf Einladung der Stadtkapelle Esslingen statt. Inzwischen tritt das Gro\u00dfe Blasorchester Schorndorf bei verschiedenen Veranstaltungen in und um Schorndorf auf zum Beispiel das Jahreskonzert immer zwei Wochen vor Ostern, das Kirchenkonzert im Oktober 2016 sowie der Auftritt bei der SchoWo Er\u00f6ffnung und beim Fr\u00fchschoppen. <\/p>\n\n\n\n<p> Neben\n den w\u00f6chentlichen Proben veranstaltet das Orchester regelm\u00e4\u00dfig \nProbewochenenden f\u00fcr Register und das ganze Orchester, um den jeweils \nanstehenden Programmen gerecht zu werden.. Das GBO probt immer freitags \nvon 19:30 Uhr bis 21:30 Uhr im neu renovierten Saal des Vereinshauses \nLortzingstra\u00dfe. Gerne lassen wir uns bei der Probearbeit auch \u00fcber die \nSchulter gucken! Besuchen Sie doch mal eine Probe!<\/p>\n\n\n\n<p class=\"has-background has-pale-cyan-blue-background-color\">Interessierte Musikerinnen und Musiker aller Instrumente sind herzlich eingeladen mitzumachen! Einfach in einer Probe vorbeikommen!<\/p>\n\n\n\n<div class=\"wp-block-button is-style-outline is-style-outline--1\"><a class=\"wp-block-button__link has-text-color has-very-light-gray-color has-background has-very-dark-gray-background-color\" href=\"https:\/\/gbo-schorndorf.de\">zur Homepage des GBO-Schorndorf<br><\/a><\/div>\n\n\n\n<h2 class=\"wp-block-heading\">Probetermine<\/h2>\n\n\n\n<p><strong>Freitags<\/strong> von 19:30 Uhr \u2013 21:30 Uhr<\/p>\n\n\n\n<p>Ort: Vereinsheim der 1.SMTV (Lortzingstra\u00dfe 44\/1, 73614 Schorndorf)<\/p>\n\n\n\n<figure class=\"wp-block-embed-youtube wp-block-embed is-type-video is-provider-youtube wp-embed-aspect-16-9 wp-has-aspect-ratio\"><div class=\"wp-block-embed__wrapper\">\n<iframe loading=\"lazy\" width=\"770\" height=\"433\" src=\"https:\/\/www.youtube.com\/embed\/RyYQ5nMiW7M?feature=oembed\" frameborder=\"0\" allow=\"accelerometer; autoplay; encrypted-media; gyroscope; picture-in-picture\" allowfullscreen><\/iframe>\n<\/div><\/figure>\n\n\n\n<h2 class=\"wp-block-heading\">J\u00e4hrliche Auftritte<\/h2>\n\n\n\n<table class=\"wp-block-table\"><tbody><tr><td><strong>Was?<\/strong><\/td><td><strong>Wann?<\/strong><\/td><td><strong>Wo?<\/strong><\/td><\/tr><tr><td>Jahreskonzert<br><\/td><td>Sonntag, zwei Wochen vor Ostern<\/td><td>Barbara-K\u00fcnkelin-Halle<\/td><\/tr><tr><td>Soiree<br><\/td><td>Juli, alle zwei Jahre<br><\/td><td>Beim Burgschloss Schorndorf<\/td><\/tr><tr><td>Kirchenkonzert<br><\/td><td>alle zwei Jahre<\/td><td><\/td><\/tr><tr><td>Vatertags-Hocketse<\/td><td><\/td><td>Alte Kelter, Schorndorf<br><\/td><\/tr><tr><td>Auftritte auf der Schowo<br><\/td><td>Juli<\/td><td>Marktplatz, Schorndorf<br><\/td><\/tr><tr><td>Konzertreisen<\/td><td><\/td><td><\/td><\/tr><\/tbody><\/table>\n\n\n\n<p>Diverse Auftritte je nach Anfrage.<br><\/p>\n","protected":false},"excerpt":{"rendered":"<p>Seit September 2015 kooperiert das Blasorchester der 1.SMTV mit dem Blasorchester der Stadtkapelle Schorndorf und tritt unter dem Namen GBO Schorndorf auf.Das erste gemeinsame Konzert fand im November 2015 in Esslingen auf Einladung der Stadtkapelle Esslingen statt. Inzwischen tritt das Gro\u00dfe Blasorchester Schorndorf bei verschiedenen Veranstaltungen in und um Schorndorf auf zum Beispiel das Jahreskonzert [&hellip;]<\/p>\n","protected":false},"author":1,"featured_media":0,"parent":0,"menu_order":0,"comment_status":"closed","ping_status":"closed","template":"","meta":{"footnotes":""},"class_list":["post-215","page","type-page","status-publish","hentry"],"_links":{"self":[{"href":"http:\/\/smtv.de\/wordpress\/wp-json\/wp\/v2\/pages\/215","targetHints":{"allow":["GET"]}}],"collection":[{"href":"http:\/\/smtv.de\/wordpress\/wp-json\/wp\/v2\/pages"}],"about":[{"href":"http:\/\/smtv.de\/wordpress\/wp-json\/wp\/v2\/types\/page"}],"author":[{"embeddable":true,"href":"http:\/\/smtv.de\/wordpress\/wp-json\/wp\/v2\/users\/1"}],"replies":[{"embeddable":true,"href":"http:\/\/smtv.de\/wordpress\/wp-json\/wp\/v2\/comments?post=215"}],"version-history":[{"count":12,"href":"http:\/\/smtv.de\/wordpress\/wp-json\/wp\/v2\/pages\/215\/revisions"}],"predecessor-version":[{"id":260,"href":"http:\/\/smtv.de\/wordpress\/wp-json\/wp\/v2\/pages\/215\/revisions\/260"}],"wp:attachment":[{"href":"http:\/\/smtv.de\/wordpress\/wp-json\/wp\/v2\/media?parent=215"}],"curies":[{"name":"wp","href":"https:\/\/api.w.org\/{rel}","templated":true}]}}