{"id":7,"date":"2018-02-14T21:14:07","date_gmt":"2018-02-14T20:14:07","guid":{"rendered":"http:\/\/smtv.de\/wordpress\/?page_id=7"},"modified":"2023-09-16T14:10:54","modified_gmt":"2023-09-16T12:10:54","slug":"startseite","status":"publish","type":"page","link":"http:\/\/smtv.de\/wordpress\/","title":{"rendered":"Unser Verein"},"content":{"rendered":"\n<p>Die 1. SMTV, die 1981 gegr\u00fcndet wurde, hat derzeit 150 Mitglieder, davon sind 23 aktiv im Gro\u00dfen Blasorchester Schorndorf, eine Kooperation der 1.SMTV und der Stadtkapelle Schorndorf, dem Auftaktblasorchester, eine Kooperation der 1.SMTV und der Jugendmusikschule Schorndorf und Umgebung, in Ausbildung sowie in den verschiedenen Garden der Tanzgarde. Im Passiven Bereich z\u00e4hlt die 1. SMTV 70 Mitglieder.<\/p>\n\n\n\n<p>Durch viele Veranstaltungen hat sich die 1. SMTV im In- und Ausland einen Namen gemacht. So bestehen musikalische Kontakte zu der Partnerstadt Dueville. Auch die Aktivit\u00e4ten in und um Schorndorf kommen nicht zu kurz. Neben der SchoWo steht die Teilnahme bei verschiedenen Vereinsfesten und -jubil\u00e4en auf dem Programm. Das Jahreskonzert vom GBO Schorndorf immer zwei Wochen vor Ostern und die Soir\u00e9e beim Schloss im Juli alle 2 Jahre sind feste j\u00e4hrliche Programmpunkte der 1. SMTV. Unser Verein pr\u00e4sentiert sich auch jedes Jahr im September beim Lortzingstra\u00dfenfest.<\/p>\n\n\n\n<p><br><\/p>\n\n\n<div class=\"wp-block-image\">\n<figure class=\"aligncenter is-resized\"><a href=\"https:\/\/gbo-schorndorf.de\" target=\"_blank\" rel=\"noreferrer noopener\"><img loading=\"lazy\" decoding=\"async\" src=\"http:\/\/smtv.de\/wordpress\/wp-content\/uploads\/2018\/07\/gbo_schorndorf_logo.png\" alt=\"\" class=\"wp-image-131\" style=\"width:251px;height:126px\" width=\"251\" height=\"126\" srcset=\"http:\/\/smtv.de\/wordpress\/wp-content\/uploads\/2018\/07\/gbo_schorndorf_logo.png 425w, http:\/\/smtv.de\/wordpress\/wp-content\/uploads\/2018\/07\/gbo_schorndorf_logo-300x150.png 300w\" sizes=\"auto, (max-width: 251px) 100vw, 251px\" \/><\/a><figcaption class=\"wp-element-caption\">Zur Website des GBO-Schorndorf<\/figcaption><\/figure>\n<\/div>","protected":false},"excerpt":{"rendered":"<p>Die 1. SMTV, die 1981 gegr\u00fcndet wurde, hat derzeit 150 Mitglieder, davon sind 23 aktiv im Gro\u00dfen Blasorchester Schorndorf, eine Kooperation der 1.SMTV und der Stadtkapelle Schorndorf, dem Auftaktblasorchester, eine Kooperation der 1.SMTV und der Jugendmusikschule Schorndorf und Umgebung, in Ausbildung sowie in den verschiedenen Garden der Tanzgarde. Im Passiven Bereich z\u00e4hlt die 1. SMTV [&hellip;]<\/p>\n","protected":false},"author":1,"featured_media":0,"parent":0,"menu_order":0,"comment_status":"closed","ping_status":"closed","template":"","meta":{"footnotes":""},"class_list":["post-7","page","type-page","status-publish","hentry"],"_links":{"self":[{"href":"http:\/\/smtv.de\/wordpress\/wp-json\/wp\/v2\/pages\/7","targetHints":{"allow":["GET"]}}],"collection":[{"href":"http:\/\/smtv.de\/wordpress\/wp-json\/wp\/v2\/pages"}],"about":[{"href":"http:\/\/smtv.de\/wordpress\/wp-json\/wp\/v2\/types\/page"}],"author":[{"embeddable":true,"href":"http:\/\/smtv.de\/wordpress\/wp-json\/wp\/v2\/users\/1"}],"replies":[{"embeddable":true,"href":"http:\/\/smtv.de\/wordpress\/wp-json\/wp\/v2\/comments?post=7"}],"version-history":[{"count":14,"href":"http:\/\/smtv.de\/wordpress\/wp-json\/wp\/v2\/pages\/7\/revisions"}],"predecessor-version":[{"id":338,"href":"http:\/\/smtv.de\/wordpress\/wp-json\/wp\/v2\/pages\/7\/revisions\/338"}],"wp:attachment":[{"href":"http:\/\/smtv.de\/wordpress\/wp-json\/wp\/v2\/media?parent=7"}],"curies":[{"name":"wp","href":"https:\/\/api.w.org\/{rel}","templated":true}]}}