{"id":8,"date":"2018-02-14T21:14:07","date_gmt":"2018-02-14T20:14:07","guid":{"rendered":"http:\/\/smtv.de\/wordpress\/?page_id=8"},"modified":"2018-12-17T09:51:09","modified_gmt":"2018-12-17T08:51:09","slug":"ueber-uns","status":"publish","type":"page","link":"http:\/\/smtv.de\/wordpress\/ueber-uns\/","title":{"rendered":"\u00dcber uns"},"content":{"rendered":"\n<h2 class=\"wp-block-heading\"><strong>Aktive Mitglieder:<\/strong><\/h2>\n\n\n\n<h3 class=\"wp-block-heading\">Musik<\/h3>\n\n\n\n<p>Im Bereich Musik haben wir derzeit\u00a040 aktive Musiker und Musikerinnen die entweder noch in der Ausbildung sind oder schon aktiv in einem oder beiden Orchestern musizieren.<\/p>\n\n\n\n<h3 class=\"wp-block-heading\">Tanz<\/h3>\n\n\n\n<p>Derzeit sind in den&nbsp;3 Tanzgarden&nbsp;35 T\u00e4nzerinnen eifrig aktiv.<\/p>\n\n\n\n<h2 class=\"wp-block-heading\"><strong>Passive Mitglieder:<\/strong><\/h2>\n\n\n\n<p>Zur Zeit haben wir insgesamt im Haupt- &amp; F\u00f6rderverein 70 f\u00f6rdernde Mitglieder.<\/p>\n\n\n\n<h2 class=\"wp-block-heading\"><strong>Abteilungen:<\/strong><\/h2>\n\n\n\n<ul class=\"wp-block-list\"><li>Auftaktblasorchester<\/li><li>Gro\u00dfes Blasorchester<\/li><li>Tanzgarden<\/li><\/ul>\n","protected":false},"excerpt":{"rendered":"<p>Aktive Mitglieder: Musik Im Bereich Musik haben wir derzeit\u00a040 aktive Musiker und Musikerinnen die entweder noch in der Ausbildung sind oder schon aktiv in einem oder beiden Orchestern musizieren. Tanz Derzeit sind in den&nbsp;3 Tanzgarden&nbsp;35 T\u00e4nzerinnen eifrig aktiv. Passive Mitglieder: Zur Zeit haben wir insgesamt im Haupt- &amp; F\u00f6rderverein 70 f\u00f6rdernde Mitglieder. Abteilungen: Auftaktblasorchester Gro\u00dfes [&hellip;]<\/p>\n","protected":false},"author":1,"featured_media":0,"parent":0,"menu_order":0,"comment_status":"closed","ping_status":"closed","template":"","meta":{"footnotes":""},"class_list":["post-8","page","type-page","status-publish","hentry"],"_links":{"self":[{"href":"http:\/\/smtv.de\/wordpress\/wp-json\/wp\/v2\/pages\/8","targetHints":{"allow":["GET"]}}],"collection":[{"href":"http:\/\/smtv.de\/wordpress\/wp-json\/wp\/v2\/pages"}],"about":[{"href":"http:\/\/smtv.de\/wordpress\/wp-json\/wp\/v2\/types\/page"}],"author":[{"embeddable":true,"href":"http:\/\/smtv.de\/wordpress\/wp-json\/wp\/v2\/users\/1"}],"replies":[{"embeddable":true,"href":"http:\/\/smtv.de\/wordpress\/wp-json\/wp\/v2\/comments?post=8"}],"version-history":[{"count":6,"href":"http:\/\/smtv.de\/wordpress\/wp-json\/wp\/v2\/pages\/8\/revisions"}],"predecessor-version":[{"id":268,"href":"http:\/\/smtv.de\/wordpress\/wp-json\/wp\/v2\/pages\/8\/revisions\/268"}],"wp:attachment":[{"href":"http:\/\/smtv.de\/wordpress\/wp-json\/wp\/v2\/media?parent=8"}],"curies":[{"name":"wp","href":"https:\/\/api.w.org\/{rel}","templated":true}]}}